{"id":1059,"date":"2020-08-29T01:29:24","date_gmt":"2020-08-29T01:29:24","guid":{"rendered":"https:\/\/viconseg.clusterboss.com\/?page_id=1059"},"modified":"2021-11-23T18:25:56","modified_gmt":"2021-11-23T18:25:56","slug":"tratamiento-de-datos","status":"publish","type":"page","link":"https:\/\/www.viconseg.com.co\/index.php\/tratamiento-de-datos\/","title":{"rendered":"Tratamiento de Datos"},"content":{"rendered":"\n\t\t\t\t<img loading=\"lazy\" decoding=\"async\" src=\"https:\/\/www.viconseg.com.co\/wp-content\/uploads\/2020\/09\/logo-webfin.png\" alt=\"logo-webfin\" itemprop=\"image\" height=\"93\" width=\"366\" title=\"logo-webfin\" onerror=\"this.style.display='none'\"  \/>\n\t\t\t\t\t<ul id=\"menu-secundario\"><li id=\"menu-item-289\"><a href=\"https:\/\/www.viconseg.com.co\/\"> Inicio<\/a><\/li>\n<li id=\"menu-item-290\"><a href=\"https:\/\/www.viconseg.com.co\/index.php\/nosotros\/\"> Nosotros<\/a><\/li>\n<li id=\"menu-item-291\"><a href=\"https:\/\/www.viconseg.com.co\/index.php\/viconseg\/\"> Viconseg<\/a><\/li>\n<li id=\"menu-item-292\"><a href=\"https:\/\/www.viconseg.com.co\/index.php\/viconaseo\/\"> Viconaseo<\/a><\/li>\n<li id=\"menu-item-293\"><a href=\"https:\/\/www.viconseg.com.co\/index.php\/contacto\/\"> Contacto<\/a><\/li>\n<li id=\"menu-item-294\"><a href=\"#\"> Unete al equipo<\/a><\/li>\n<\/ul>\t\n\t<h2><strong>Pol\u00edtica de Privacidad<\/strong><\/h2>\n<p>Viconseg\u00a0les informa sobre su Pol\u00edtica de Privacidad respecto del tratamiento y protecci\u00f3n de los datos de car\u00e1cter personal de los usuarios que puedan ser obtenidos por la navegaci\u00f3n a trav\u00e9s del sitio web www.viconseg.com<\/p>\n<p>En este sentido, Viconseg garantiza el cumplimiento de la normativa vigente en materia de la Ley Estatutaria 1581 de 2012 de Protecci\u00f3n de Datos (LEPD) colombiana y de tratados internacionales que protege el derecho que tienen todas las personas a conocer, actualizar y rectificar las informaciones que se hayan recogido sobre ellas en bases de\u00a0datos\u00a0o archivos que sean susceptibles de tratamiento por entidades de naturaleza p\u00fablica o privada.<\/p>\n<p>El presente Aviso de Privacidad tiene como objeto informar sobre el tratamiento de Viconseg, al cual ser\u00e1n sometidos los datos almacenados en nuestras bases. Las condiciones del tratamiento son las siguientes:<\/p>\n<ol>\n<li>Viconseg es responsable del tratamiento de sus datos personales y\u00a0<strong>por ning\u00fan motivo ser\u00e1n transferidos a terceros<\/strong><strong>.<\/strong><\/li>\n<li>Con objeto de recibir una atenci\u00f3n integral como usuario, los datos personales recibidos ser\u00e1n tratados con las siguientes finalidades: 1. Gesti\u00f3n comercial 2. Desarrollo de campa\u00f1as de marketing 3. Contacto con sus clientes para ofrecer servicios\/productos. 4. Cualquier prop\u00f3sito compatible con los anteriores.<\/li>\n<\/ol>\n<p>Le informamos que usted tiene en todo momento derecho de acceder, rectificar, actualizar, modificar, cancelar u oponerse al tratamiento que le damos a sus datos personales, derecho que podr\u00e1 hacer valer a trav\u00e9s del correo <strong>contacto@viconseg.com<\/strong><\/p>\n<p>En caso de realizar modificaciones al presente Aviso de Privacidad, le informaremos mediante nuestro sitio web oficial, medios digitales y con nuestros operadores telef\u00f3nicos.<\/p>\n<p>El uso de sitio Web implica la aceptaci\u00f3n de esta Pol\u00edtica de Privacidad as\u00ed como las condiciones incluidas en el Aviso Legal.<\/p>\n<p><strong>Principios aplicados en el tratamiento de datos<\/strong><\/p>\n<p>En el tratamiento de los datos personales el usuario, Viconseg aplicar\u00e1 los siguientes principios que se ajustan a las exigencias de protecci\u00f3n de datos:<\/p>\n<ul>\n<li><strong>Principio de licitud, lealtad y transparencia:<\/strong> siempre requerir\u00e1 el consentimiento para el tratamiento de tus datos personales que puede ser para uno o varios fines espec\u00edficos sobre los que te informar\u00e1 previamente con absoluta transparencia.<\/li>\n<li><strong>Principio de minimizaci\u00f3n de datos:<\/strong>\u00a0Viconseg le solicita al usuario solo los datos estrictamente necesarios para el fin o los fines que los solicita.<\/li>\n<li><strong>Principio de limitaci\u00f3n del plazo de conservaci\u00f3n:<\/strong>\u00a0Los datos se mantendr\u00e1n durante el tiempo estrictamente necesario para el fin o los fines del tratamiento.<br \/>\nViconseg informar\u00e1 al usuario del plazo de conservaci\u00f3n correspondiente seg\u00fan la finalidad. En el caso de suscripciones, se revisar\u00e1 peri\u00f3dicamente las listas y eliminar\u00e1 aquellos registros inactivos durante un tiempo considerable.<\/li>\n<li><strong>Principio de integridad y confidencialidad:<\/strong> Los datos ser\u00e1n tratados de tal manera que su seguridad, confidencialidad e integridad est\u00e9 garantizada. El usuario debe saber que Viconseg toma las precauciones necesarias para evitar el acceso no autorizado o uso indebido de los datos de sus usuarios por parte de terceros.<\/li>\n<\/ul>\n<h4><strong>Derechos<\/strong><\/h4>\n<p>Viconseg informa que sobre los datos personales el usuario tiene derecho a:<\/p>\n<ul>\n<li>Solicitar el acceso a los datos almacenados.<\/li>\n<li>Solicitar una rectificaci\u00f3n o la cancelaci\u00f3n.<\/li>\n<li>Solicitar la limitaci\u00f3n de su tratamiento.<\/li>\n<li>Oponerte al tratamiento.<\/li>\n<li>Solicitar la portabilidad de tus datos.<\/li>\n<\/ul>\n<p>El ejercicio de estos derechos es personal y por tanto debe ser ejercido directamente por el interesado, solicit\u00e1ndolo directamente Viconseg, lo que significa que cualquier usuario, suscriptor o colaborador que haya facilitado sus datos en alg\u00fan momento puede dirigirse a Viconseg y pedir informaci\u00f3n sobre los datos que tiene almacenados y c\u00f3mo los ha obtenido, solicitar la rectificaci\u00f3n de los mismos, solicitar la portabilidad de sus datos personales, oponerse al tratamiento, limitar su uso o solicitar la cancelaci\u00f3n de esos datos en los ficheros.<\/p>\n<p>Para ejercitar los derechos de los usuarios de acceso, rectificaci\u00f3n, cancelaci\u00f3n, portabilidad y oposici\u00f3n tienes que enviar un correo electr\u00f3nico a contacto@viconseg.com junto con la prueba v\u00e1lida en derecho como una fotocopia de la C\u00e9dula de Ciudadan\u00eda o equivalente.<\/p>\n<p><strong>Otras finalidades<\/strong><\/p>\n<p>Existen otras finalidades por las que Viconseg trata los datos personales del usuario:<\/p>\n<ul>\n<li>Para garantizar el cumplimiento de las condiciones recogidas en el Aviso Legal y en la ley aplicable. Esto puede incluir el desarrollo de herramientas y algoritmos que ayuden a este sitio web a garantizar la confidencialidad de los datos personales que recoge.<\/li>\n<li>Para apoyar y mejorar los servicios que ofrece este sitio Web.<\/li>\n<li>Para analizar la navegaci\u00f3n. Viconseg recoge otros datos no identificativos que se obtienen mediante el uso de cookies que se descargan en tu ordenador cuando navegas por el sitio Web cuyas caracter\u00edsticas y finalidad est\u00e1n detalladas en la Pol\u00edtica de Cookies.<\/li>\n<\/ul>\n<p><strong>Seguridad de los datos personales<\/strong><\/p>\n<p>Para proteger los datos personales del usuario, Viconseg toma todas las precauciones razonables y sigue las mejores pr\u00e1cticas de la industria para evitar su p\u00e9rdida, mal uso, acceso indebido, divulgaci\u00f3n, alteraci\u00f3n o destrucci\u00f3n de los mismos.<\/p>\n<p>El sitio Web est\u00e1 alojado en clusterboss.com la seguridad de los datos del usuario est\u00e1 garantizada, ya que toman todas las medidas de seguridad necesarias para ello. Puedes consultar su pol\u00edtica de privacidad para tener m\u00e1s informaci\u00f3n.<\/p>\n<p><strong>Contenido de otros sitios web<\/strong><\/p>\n<p>Las p\u00e1ginas de este sitio Web pueden incluir contenido incrustado (por ejemplo, v\u00eddeos, im\u00e1genes, art\u00edculos, etc.). El contenido incrustado de otras web se comporta exactamente de la misma manera que si hubieras visitado la otra web.<\/p>\n<p>Estos sitios Web pueden recopilar los datos del usuario, utilizar cookies, incrustar un c\u00f3digo de seguimiento adicional de terceros, y supervisar tu interacci\u00f3n usando este c\u00f3digo.<\/p>\n<p><strong>Navegaci\u00f3n Web<\/strong><\/p>\n<p>Al navegar por viconseg.com se pueden recoger datos no identificativos, que pueden incluir, la direcci\u00f3n IP, geolocalizaci\u00f3n, un registro de c\u00f3mo se utilizan los servicios y sitios, h\u00e1bitos de navegaci\u00f3n y otros datos que no pueden ser utilizados para identificarte.<\/p>\n<p>Viconseg puede utilizar la informaci\u00f3n obtenida para obtener datos estad\u00edsticos, analizar tendencias, administrar el sitio, estudiar patrones de navegaci\u00f3n y para recopilar informaci\u00f3n demogr\u00e1fica.<\/p>\n<p><strong>Exactitud y veracidad de los datos personales<\/strong><\/p>\n<p>El usuario se compromete a que los datos facilitados Viconseg sean correctos, completos, exactos y vigentes, as\u00ed como a mantenerlos debidamente actualizados.<\/p>\n<p>Como usuario del sitio Web, \u00e9l es el \u00fanico responsable de la veracidad y correcci\u00f3n de los datos que remitas al sitio exonerando a Viconseg de cualquier responsabilidad al respecto.<\/p>\n<p><strong>Aceptaci\u00f3n y Consentimiento<\/strong><\/p>\n<p>Como usuario del sitio Web, declara haber sido informado de las condiciones sobre protecci\u00f3n de datos de car\u00e1cter personal, el usuario acepta y consiente el tratamiento de los mismos por parte de Viconseg en la forma y para las finalidades indicadas en esta Pol\u00edtica de Privacidad.<\/p>\n<p><strong>Revocabilidad<\/strong><\/p>\n<p>El usuario para ejercitar derechos de acceso, rectificaci\u00f3n, cancelaci\u00f3n, portabilidad y oposici\u00f3n tiene que enviar un correo electr\u00f3nico a\u00a0contacto@viconseg.com junto con la prueba v\u00e1lida en derecho como una fotocopia de la CC o equivalente.<\/p>\n<p>El ejercicio de tus derechos no incluye ning\u00fan dato que Viconseg est\u00e9 obligado a conservar con fines administrativos, legales o de seguridad.<\/p>\n<p><strong>Cambios en la Pol\u00edtica de Privacidad<\/strong><\/p>\n<p>Viconseg se reserva el derecho a modificar la presente Pol\u00edtica de Privacidad para adaptarla a novedades legislativas o jurisprudenciales, as\u00ed como a pr\u00e1cticas de la industria.<\/p>\n<p>Estas pol\u00edticas estar\u00e1n vigentes hasta que sean modificadas por otras debidamente publicadas.<\/p>\n<p>&nbsp;<\/p>\n\t\t\t\t<img loading=\"lazy\" decoding=\"async\" src=\"https:\/\/www.viconseg.com.co\/wp-content\/uploads\/2020\/08\/logo-web.png\" alt=\"logo-web\" itemprop=\"image\" height=\"93\" width=\"366\" title=\"logo-web\" onerror=\"this.style.display='none'\"  \/>\n\t<b>CONTACTO<\/b><br \/>\nAv Cra 60 # 67B-28 Bogota &#8211; Colombia<br \/>\nLun-Vier: 8am a 6pm &#8211; Sab: 9am a 12m<br \/>\ncontacto@viconseg.com<br \/>\nTels: (+571) 4821053 &#8211; 5426405\n\t<strong>SERVICIOS<\/strong><br \/>\n<a href=\"https:\/\/www.viconseg.com.co\/\">Residencial<\/a><br \/>\n<a href=\"https:\/\/www.viconseg.com.co\/index.php\/viconseg\/\">Viconseg<\/a><br \/>\n<a href=\"https:\/\/www.viconseg.com.co\/index.php\/viconaseo\/\">Viconaseo<\/a>\n\t<strong>POL\u00cdTICAS DE PRIVACIDAD<\/strong><br \/>\n<a href=\"https:\/\/www.viconseg.com.co\/index.php\/terminos-y-condiciones\/\" target=\"_blank\" rel=\"noopener\">T\u00e9rminos y condiciones<\/a><br \/>\n<a href=\"https:\/\/www.viconseg.com.co\/index.php\/tratamiento-de-datos\/\" target=\"_blank\" rel=\"noopener\">Pol\u00edtica de Datos<\/a><br \/>\n<a href=\"https:\/\/www.viconseg.com.co\/index.php\/nosotros\/\">Nosotros<\/a>\n","protected":false},"excerpt":{"rendered":"<p>Inicio Nosotros Viconseg Viconaseo Contacto Unete al equipo Pol\u00edtica de Privacidad Viconseg\u00a0les informa sobre su Pol\u00edtica de Privacidad respecto del tratamiento y protecci\u00f3n de los datos de car\u00e1cter personal de los usuarios que puedan ser obtenidos por la navegaci\u00f3n a trav\u00e9s del sitio web www.viconseg.com En este sentido, Viconseg garantiza el cumplimiento de la normativa [&hellip;]<\/p>\n","protected":false},"author":1,"featured_media":0,"parent":0,"menu_order":0,"comment_status":"closed","ping_status":"closed","template":"","meta":{"footnotes":""},"class_list":["post-1059","page","type-page","status-publish","hentry","wpbf-post"],"_links":{"self":[{"href":"https:\/\/www.viconseg.com.co\/index.php\/wp-json\/wp\/v2\/pages\/1059"}],"collection":[{"href":"https:\/\/www.viconseg.com.co\/index.php\/wp-json\/wp\/v2\/pages"}],"about":[{"href":"https:\/\/www.viconseg.com.co\/index.php\/wp-json\/wp\/v2\/types\/page"}],"author":[{"embeddable":true,"href":"https:\/\/www.viconseg.com.co\/index.php\/wp-json\/wp\/v2\/users\/1"}],"replies":[{"embeddable":true,"href":"https:\/\/www.viconseg.com.co\/index.php\/wp-json\/wp\/v2\/comments?post=1059"}],"version-history":[{"count":14,"href":"https:\/\/www.viconseg.com.co\/index.php\/wp-json\/wp\/v2\/pages\/1059\/revisions"}],"predecessor-version":[{"id":1170,"href":"https:\/\/www.viconseg.com.co\/index.php\/wp-json\/wp\/v2\/pages\/1059\/revisions\/1170"}],"wp:attachment":[{"href":"https:\/\/www.viconseg.com.co\/index.php\/wp-json\/wp\/v2\/media?parent=1059"}],"curies":[{"name":"wp","href":"https:\/\/api.w.org\/{rel}","templated":true}]}}