{"id":5,"date":"2020-08-10T14:19:21","date_gmt":"2020-08-10T14:19:21","guid":{"rendered":"https:\/\/viconseg.clusterboss.com\/?page_id=5"},"modified":"2024-02-07T22:53:48","modified_gmt":"2024-02-07T22:53:48","slug":"home","status":"publish","type":"page","link":"https:\/\/www.viconseg.com.co\/","title":{"rendered":"home"},"content":{"rendered":"\n\t\t\t\t<img loading=\"lazy\" decoding=\"async\" src=\"https:\/\/www.viconseg.com.co\/wp-content\/uploads\/2020\/09\/logo-webfin.png\" alt=\"logo-webfin\" itemprop=\"image\" height=\"93\" width=\"366\" title=\"logo-webfin\" onerror=\"this.style.display='none'\"  \/>\n\t\t\t\t\t<ul id=\"menu-secundario\"><li id=\"menu-item-289\"><a href=\"https:\/\/www.viconseg.com.co\/\"> Inicio<\/a><\/li>\n<li id=\"menu-item-290\"><a href=\"https:\/\/www.viconseg.com.co\/index.php\/nosotros\/\"> Nosotros<\/a><\/li>\n<li id=\"menu-item-291\"><a href=\"https:\/\/www.viconseg.com.co\/index.php\/viconseg\/\"> Viconseg<\/a><\/li>\n<li id=\"menu-item-292\"><a href=\"https:\/\/www.viconseg.com.co\/index.php\/viconaseo\/\"> Viconaseo<\/a><\/li>\n<li id=\"menu-item-293\"><a href=\"https:\/\/www.viconseg.com.co\/index.php\/contacto\/\"> Contacto<\/a><\/li>\n<li id=\"menu-item-294\"><a href=\"#\"> Unete al equipo<\/a><\/li>\n<li id=\"menu-item-1177\"><a href=\"https:\/\/host5.bienvenidohosting.com:2096\"> Acceso al Correo<\/a><\/li>\n<\/ul>\t\n\t<p><img loading=\"lazy\" decoding=\"async\" src=\"https:\/\/www.viconseg.com.co\/wp-content\/uploads\/2020\/08\/icoubi.png\" alt=\"\" width=\"17\" height=\"27\" \/> \u00a0Av Cra 60 # 67B &#8211; 28 Bogot\u00e1 &#8211; Colombia\u00a0 \u00a0 <img loading=\"lazy\" decoding=\"async\" src=\"https:\/\/www.viconseg.com.co\/wp-content\/uploads\/2020\/08\/icoreloj.png\" alt=\"\" width=\"22\" height=\"22\" \/> Lun-Vier: 8am-6pm &#8211; Sab: 9am a 12m\u00a0 \u00a0<img loading=\"lazy\" decoding=\"async\" src=\"https:\/\/www.viconseg.com.co\/wp-content\/uploads\/2020\/08\/icotel.png\" alt=\"\" width=\"20\" height=\"25\" \/>+57(1)482 1053 &#8211; 322 79 66<\/p>\n\t<p>\u00bfPor qu\u00e9 nos eligen?<\/p>\n\t\t\t\t<img loading=\"lazy\" decoding=\"async\" src=\"https:\/\/www.viconseg.com.co\/wp-content\/uploads\/2020\/08\/confianza-p2.png\" alt=\"confianza-p2\" itemprop=\"image\" height=\"310\" width=\"314\" title=\"confianza-p2\" onerror=\"this.style.display='none'\"  \/>\n\t\t\t\t<img loading=\"lazy\" decoding=\"async\" src=\"https:\/\/www.viconseg.com.co\/wp-content\/uploads\/2020\/08\/Profesionalismo-p1.png\" alt=\"Profesionalismo-p1\" itemprop=\"image\" height=\"310\" width=\"314\" title=\"Profesionalismo-p1\" onerror=\"this.style.display='none'\"  \/>\n\t\t\t\t<img loading=\"lazy\" decoding=\"async\" src=\"https:\/\/www.viconseg.com.co\/wp-content\/uploads\/2020\/08\/proteccion-p1.png\" alt=\"proteccion-p1\" itemprop=\"image\" height=\"310\" width=\"314\" title=\"proteccion-p1\" onerror=\"this.style.display='none'\"  \/>\n\t\t\t\t<img loading=\"lazy\" decoding=\"async\" src=\"https:\/\/www.viconseg.com.co\/wp-content\/uploads\/2020\/08\/seguridad-p1.png\" alt=\"seguridad-p1\" itemprop=\"image\" height=\"310\" width=\"314\" title=\"seguridad-p1\" onerror=\"this.style.display='none'\"  \/>\n\t\t\t\t<img loading=\"lazy\" decoding=\"async\" src=\"https:\/\/www.viconseg.com.co\/wp-content\/uploads\/2020\/08\/innovacion-p1.png\" alt=\"innovacion-p1\" itemprop=\"image\" height=\"310\" width=\"314\" title=\"innovacion-p1\" onerror=\"this.style.display='none'\"  \/>\n\t\t\t\t<img loading=\"lazy\" decoding=\"async\" src=\"https:\/\/www.viconseg.com.co\/wp-content\/uploads\/2020\/09\/asesoria-p1.1.png\" alt=\"asesoria-p1.1\" itemprop=\"image\" height=\"310\" width=\"314\" title=\"asesoria-p1.1\" onerror=\"this.style.display='none'\"  \/>\n\t<ul data-height=\"150\" data-width=\"150\" data-shape=\"circle\">\n\t\t\t\t\t\t\t\t\t\t<li>\n\t\t\t\t\t\t\t\t\t\t\t<img decoding=\"async\" src=\"https:\/\/www.viconseg.com.co\/wp-content\/uploads\/2020\/08\/con-fondo.jpg\" alt=\"\">\t\t\t\t\n\t\t\t\t\t\t\t\t\t\t\t\t\t\t\t\t\t\t\t<h3>Seguridad<\/h3>\n\t\t\t\t\t\t\t\t\t\t\t<p>Estos son Nuestros Servicios en Seguridad<\/p>\n\t\t\t\t\t\t\t\t\t\t\t\t\t<\/li>\n\t\t\t\t\t\t\t\t\t\t\t\t\t<\/ul>\n\t<h1><\/h1>\n<h1><strong>SECTOR RESIDENCIAL<\/strong><\/h1>\n<p><img loading=\"lazy\" decoding=\"async\" src=\"https:\/\/www.viconseg.com.co\/wp-content\/uploads\/2020\/08\/residencial-300x300.png\" alt=\"\" width=\"300\" height=\"300\" \/>Nuestro personal humano y tecnolog\u00eda hacen de VICONSEG la soluci\u00f3n para tus necesidades de seguridad educativa, Vigilancia Electr\u00f3nica (equipos de protecci\u00f3n, control y monitoreo de sistemas electr\u00f3nicos): Barreras perimetrales, CCTV, sistema de intrusi\u00f3n, sistema contra- incendio, Monitoreo de sedes con personal in situ, Servicios especiales femeninos: recepcionistas, manejo y control de ascensores, control de porter\u00edas y requisas especiales. Estudio y Asesor\u00edas de Seguridad, conforme a las normas. Otros equipos: Detectores manuales de metales, sistema de control de acceso.<\/p>\n<h2><br \/>\nSECTOR EDUCATIVO<\/h2>\n<p>&nbsp;<\/p>\n<p><img loading=\"lazy\" decoding=\"async\" src=\"https:\/\/www.viconseg.com.co\/wp-content\/uploads\/2020\/08\/educativo-300x300.png\" alt=\"\" width=\"300\" height=\"300\" \/>VIVIENDO CON SEGURIDAD LTDA., cuenta con autorizaci\u00f3n de la Superintendencia de Vigilancia y Seguridad Privada para la prestaci\u00f3n de servicios de Vigilancia en la modalidad fija con la utilizaci\u00f3n de armas fuego, Motos de supervisi\u00f3n y reacci\u00f3n para el servicio, Reacci\u00f3n inmediata ante cualquier eventualidad, seg\u00fan Resoluci\u00f3n 103597 del 30 de noviembre de 2018. VICONSEG LTDA. Se compromete para con el cliente a proporcionar durante las 24 horas del d\u00eda supervisores en forma permanente para efectuar la revista a los puestos de cada zona contratada de acuerdo a lo establecido.<\/p>\n<p>&nbsp;<\/p>\n<h3>SECTOR COMERCIAL<\/h3>\n<p><img loading=\"lazy\" decoding=\"async\" src=\"https:\/\/www.viconseg.com.co\/wp-content\/uploads\/2020\/08\/fotocomercial-300x300.png\" alt=\"\" width=\"300\" height=\"300\" \/><\/p>\n\n&nbsp;<br \/>\nAdem\u00e1s de la experiencia adquirida por m\u00e1s de dos d\u00e9cadas, ofrecemos procesos especializados en la protecci\u00f3n de los bienes de nuestros usuarios en el sector salud, comercio, grandes superficies, medianos empresarios y centros comerciales. Siempre nos comprometemos con alcanzar la satisfacci\u00f3n de nuestros clientes, apoyados en los \u00faltimos medios tecnol\u00f3gicos y respaldados por un equipo humano capacitado y responsable que contribuye al desarrollo de nuestra empresa garantizando la seguridad y el bienestar.\n\t\t\t<a href=\"https:\/\/www.viconseg.com.co\/index.php\/viconseg\/\" target=\"_blank\" role=\"button\" rel=\"noopener\">\n\t\t\t\t\t\t\tConoce M\u00e1s\n\t\t\t\t\t<\/a>\n\t<p>Nuestra Experiencia<\/p>\n\t\t<h2>0<\/h2>\t\t\n\t<p>A\u00f1os Brindando Protecci\u00f3n<\/p>\n\t\t<h2>0<\/h2>\t\t\n\t<p>Clientes Satisfechos<\/p>\n\t\t<h2>0<\/h2>\t\t\n\t<p>Empleados Prestando un buen servicio<\/p>\n\t\t<h2>0<\/h2>\t\t\n\t<p>Empresas confiando en nosotros<\/p>\n\t\t<h2>0<\/h2>\t\t\n\t<p>Ciudades que cuentan con nuestra presencia<\/p>\n\t<p>La empresa VICONSEG LTDA, cuenta con un aliado estrat\u00e9gico que forma parte de nuestra familia (VICONASEO SAS), y que en caso de ser requerido por nuestros clientes ofrece una solida gama de servicios de aseo y mantenimiento, sin importar el tipo de instalaci\u00f3n, negocio o industria, ya que cada una de ellas, contamos con un programa integral de limpieza, que por su puesto adaptar a sus necesidades o requerimientos.<\/p>\n\t\t\t\t<img loading=\"lazy\" decoding=\"async\" src=\"https:\/\/www.viconseg.com.co\/wp-content\/uploads\/2020\/08\/logo-viconaseo.png\" alt=\"logo-viconaseo\" itemprop=\"image\" height=\"334\" width=\"600\" title=\"logo-viconaseo\" onerror=\"this.style.display='none'\"  \/>\n\t\t\t\t<img loading=\"lazy\" decoding=\"async\" src=\"https:\/\/www.viconseg.com.co\/wp-content\/uploads\/2020\/08\/adorno2.png\" alt=\"adorno2\" itemprop=\"image\" height=\"173\" width=\"1200\" title=\"adorno2\" onerror=\"this.style.display='none'\"  \/>\n\t<div class=\"carousel-slider-outer carousel-slider-outer-images carousel-slider-outer-276\">\n<div id=\"id-276\" class=\"owl-carousel carousel-slider carousel-slider-276 arrows-outside arrows-visible-hover dots-hidden dots-center dots-square\" style=\"--carousel-slider-nav-color:#2196f3;--carousel-slider-active-nav-color:#0019d8;--carousel-slider-arrow-size:48px;--carousel-slider-bullet-size:10px\" data-slide-type=\"image-carousel\" data-owl-settings='{\"stagePadding\":0,\"nav\":true,\"dots\":false,\"margin\":10,\"loop\":true,\"autoplay\":true,\"autoplayTimeout\":5000,\"autoplaySpeed\":500,\"autoplayHoverPause\":false,\"slideBy\":1,\"lazyLoad\":false,\"autoWidth\":false,\"responsive\":{\"300\":{\"items\":1},\"600\":{\"items\":2},\"768\":{\"items\":2},\"1024\":{\"items\":3},\"1200\":{\"items\":3},\"1921\":{\"items\":3}}}'>\n<div class=\"carousel-slider__item\"><a  href=\"https:\/\/www.viconseg.com.co\/index.php\/viconaseo\/\" target=\"_self\"><img loading=\"lazy\" decoding=\"async\" width=\"400\" height=\"482\" src=\"https:\/\/www.viconseg.com.co\/wp-content\/uploads\/2020\/08\/4-1.png\" class=\"attachment-medium_large size-medium_large\" alt=\"\" srcset=\"https:\/\/www.viconseg.com.co\/wp-content\/uploads\/2020\/08\/4-1.png 400w, https:\/\/www.viconseg.com.co\/wp-content\/uploads\/2020\/08\/4-1-249x300.png 249w\" sizes=\"(max-width: 400px) 100vw, 400px\" \/><\/a><\/div>\n<div class=\"carousel-slider__item\"><img loading=\"lazy\" decoding=\"async\" width=\"400\" height=\"482\" src=\"https:\/\/www.viconseg.com.co\/wp-content\/uploads\/2020\/08\/2-2.png\" class=\"attachment-medium_large size-medium_large\" alt=\"\" srcset=\"https:\/\/www.viconseg.com.co\/wp-content\/uploads\/2020\/08\/2-2.png 400w, https:\/\/www.viconseg.com.co\/wp-content\/uploads\/2020\/08\/2-2-249x300.png 249w\" sizes=\"(max-width: 400px) 100vw, 400px\" \/><\/div>\n<div class=\"carousel-slider__item\"><a  href=\"https:\/\/www.viconseg.com.co\/index.php\/viconaseo\/\" target=\"_self\"><img loading=\"lazy\" decoding=\"async\" width=\"400\" height=\"482\" src=\"https:\/\/www.viconseg.com.co\/wp-content\/uploads\/2020\/08\/3-1.png\" class=\"attachment-medium_large size-medium_large\" alt=\"\" srcset=\"https:\/\/www.viconseg.com.co\/wp-content\/uploads\/2020\/08\/3-1.png 400w, https:\/\/www.viconseg.com.co\/wp-content\/uploads\/2020\/08\/3-1-249x300.png 249w\" sizes=\"(max-width: 400px) 100vw, 400px\" \/><\/a><\/div>\n<div class=\"carousel-slider__item\"><a  href=\"https:\/\/www.viconseg.com.co\/index.php\/viconaseo\/\" target=\"_self\"><img loading=\"lazy\" decoding=\"async\" width=\"400\" height=\"482\" src=\"https:\/\/www.viconseg.com.co\/wp-content\/uploads\/2020\/08\/1-1.png\" class=\"attachment-medium_large size-medium_large\" alt=\"\" srcset=\"https:\/\/www.viconseg.com.co\/wp-content\/uploads\/2020\/08\/1-1.png 400w, https:\/\/www.viconseg.com.co\/wp-content\/uploads\/2020\/08\/1-1-249x300.png 249w\" sizes=\"(max-width: 400px) 100vw, 400px\" \/><\/a><\/div>\n<div class=\"carousel-slider__item\"><img loading=\"lazy\" decoding=\"async\" width=\"400\" height=\"482\" src=\"https:\/\/www.viconseg.com.co\/wp-content\/uploads\/2020\/08\/5-2.png\" class=\"attachment-medium_large size-medium_large\" alt=\"\" srcset=\"https:\/\/www.viconseg.com.co\/wp-content\/uploads\/2020\/08\/5-2.png 400w, https:\/\/www.viconseg.com.co\/wp-content\/uploads\/2020\/08\/5-2-249x300.png 249w\" sizes=\"(max-width: 400px) 100vw, 400px\" \/><\/div>\n<div class=\"carousel-slider__item\"><a  href=\"https:\/\/www.viconseg.com.co\/index.php\/viconaseo\/\" target=\"_self\"><img loading=\"lazy\" decoding=\"async\" width=\"400\" height=\"482\" src=\"https:\/\/www.viconseg.com.co\/wp-content\/uploads\/2020\/08\/6-1.png\" class=\"attachment-medium_large size-medium_large\" alt=\"\" srcset=\"https:\/\/www.viconseg.com.co\/wp-content\/uploads\/2020\/08\/6-1.png 400w, https:\/\/www.viconseg.com.co\/wp-content\/uploads\/2020\/08\/6-1-249x300.png 249w\" sizes=\"(max-width: 400px) 100vw, 400px\" \/><\/a><\/div>\n<\/div><!-- .carousel-slider-276 -->\n<\/div><!-- .carousel-slider-outer-276 -->\n\n\t<p>Ellos conf\u00edan en nuestra labor<\/p>\n\t<style type=\"text\/css\">\r\n\t#foogallery-gallery-233 .fg-image {\r\n        width: 150px;\r\n    }\r\n<\/style>\r\n\t\t\t\t<div class=\"foogallery foogallery-container foogallery-default foogallery-lightbox-none fg-gutter-0 fg-center fg-default fg-light fg-loading-dots fg-loaded-fade-in fg-hover-colorize fg-caption-hover fg-hover-fade fg-transparent-overlays fg-ready\" id=\"foogallery-gallery-233\" data-foogallery=\"{&quot;item&quot;:{&quot;showCaptionTitle&quot;:false,&quot;showCaptionDescription&quot;:false},&quot;lazy&quot;:true}\" >\r\n\t<div class=\"fg-item fg-type-image fg-idle\"><figure class=\"fg-item-inner\"><a data-attachment-id=\"234\" class=\"fg-thumb\"><span class=\"fg-image-wrap\"><img loading=\"lazy\" decoding=\"async\" width=\"150\" height=\"70\" class=\"skip-lazy fg-image\" data-src-fg=\"https:\/\/www.viconseg.com.co\/wp-content\/uploads\/cache\/2020\/08\/1\/261226583.png\" src=\"data:image\/svg+xml,%3Csvg%20xmlns%3D%22http%3A%2F%2Fwww.w3.org%2F2000%2Fsvg%22%20width%3D%22150%22%20height%3D%2270%22%20viewBox%3D%220%200%20150%2070%22%3E%3C%2Fsvg%3E\"><\/span><span class=\"fg-image-overlay\"><\/span><\/a><figcaption class=\"fg-caption\"><div class=\"fg-caption-inner\"><\/div><\/figcaption><\/figure><div class=\"fg-loader\"><\/div><\/div><div class=\"fg-item fg-type-image fg-idle\"><figure class=\"fg-item-inner\"><a data-attachment-id=\"235\" class=\"fg-thumb\"><span class=\"fg-image-wrap\"><img loading=\"lazy\" decoding=\"async\" width=\"150\" height=\"70\" class=\"skip-lazy fg-image\" data-src-fg=\"https:\/\/www.viconseg.com.co\/wp-content\/uploads\/cache\/2020\/08\/2\/1852374568.png\" src=\"data:image\/svg+xml,%3Csvg%20xmlns%3D%22http%3A%2F%2Fwww.w3.org%2F2000%2Fsvg%22%20width%3D%22150%22%20height%3D%2270%22%20viewBox%3D%220%200%20150%2070%22%3E%3C%2Fsvg%3E\"><\/span><span class=\"fg-image-overlay\"><\/span><\/a><figcaption class=\"fg-caption\"><div class=\"fg-caption-inner\"><\/div><\/figcaption><\/figure><div class=\"fg-loader\"><\/div><\/div><div class=\"fg-item fg-type-image fg-idle\"><figure class=\"fg-item-inner\"><a data-attachment-id=\"236\" class=\"fg-thumb\"><span class=\"fg-image-wrap\"><img loading=\"lazy\" decoding=\"async\" width=\"150\" height=\"70\" class=\"skip-lazy fg-image\" data-src-fg=\"https:\/\/www.viconseg.com.co\/wp-content\/uploads\/cache\/2020\/08\/3\/1210970707.png\" src=\"data:image\/svg+xml,%3Csvg%20xmlns%3D%22http%3A%2F%2Fwww.w3.org%2F2000%2Fsvg%22%20width%3D%22150%22%20height%3D%2270%22%20viewBox%3D%220%200%20150%2070%22%3E%3C%2Fsvg%3E\"><\/span><span class=\"fg-image-overlay\"><\/span><\/a><figcaption class=\"fg-caption\"><div class=\"fg-caption-inner\"><\/div><\/figcaption><\/figure><div class=\"fg-loader\"><\/div><\/div><div class=\"fg-item fg-type-image fg-idle\"><figure class=\"fg-item-inner\"><a data-attachment-id=\"237\" class=\"fg-thumb\"><span class=\"fg-image-wrap\"><img loading=\"lazy\" decoding=\"async\" width=\"150\" height=\"70\" class=\"skip-lazy fg-image\" data-src-fg=\"https:\/\/www.viconseg.com.co\/wp-content\/uploads\/cache\/2020\/08\/4\/2912748246.png\" src=\"data:image\/svg+xml,%3Csvg%20xmlns%3D%22http%3A%2F%2Fwww.w3.org%2F2000%2Fsvg%22%20width%3D%22150%22%20height%3D%2270%22%20viewBox%3D%220%200%20150%2070%22%3E%3C%2Fsvg%3E\"><\/span><span class=\"fg-image-overlay\"><\/span><\/a><figcaption class=\"fg-caption\"><div class=\"fg-caption-inner\"><\/div><\/figcaption><\/figure><div class=\"fg-loader\"><\/div><\/div><div class=\"fg-item fg-type-image fg-idle\"><figure class=\"fg-item-inner\"><a data-attachment-id=\"238\" class=\"fg-thumb\"><span class=\"fg-image-wrap\"><img loading=\"lazy\" decoding=\"async\" width=\"150\" height=\"70\" class=\"skip-lazy fg-image\" data-src-fg=\"https:\/\/www.viconseg.com.co\/wp-content\/uploads\/cache\/2020\/08\/5\/2525376955.png\" src=\"data:image\/svg+xml,%3Csvg%20xmlns%3D%22http%3A%2F%2Fwww.w3.org%2F2000%2Fsvg%22%20width%3D%22150%22%20height%3D%2270%22%20viewBox%3D%220%200%20150%2070%22%3E%3C%2Fsvg%3E\"><\/span><span class=\"fg-image-overlay\"><\/span><\/a><figcaption class=\"fg-caption\"><div class=\"fg-caption-inner\"><\/div><\/figcaption><\/figure><div class=\"fg-loader\"><\/div><\/div><div class=\"fg-item fg-type-image fg-idle\"><figure class=\"fg-item-inner\"><a data-attachment-id=\"239\" class=\"fg-thumb\"><span class=\"fg-image-wrap\"><img loading=\"lazy\" decoding=\"async\" width=\"150\" height=\"70\" class=\"skip-lazy fg-image\" data-src-fg=\"https:\/\/www.viconseg.com.co\/wp-content\/uploads\/cache\/2020\/08\/6\/4152152004.png\" src=\"data:image\/svg+xml,%3Csvg%20xmlns%3D%22http%3A%2F%2Fwww.w3.org%2F2000%2Fsvg%22%20width%3D%22150%22%20height%3D%2270%22%20viewBox%3D%220%200%20150%2070%22%3E%3C%2Fsvg%3E\"><\/span><span class=\"fg-image-overlay\"><\/span><\/a><figcaption class=\"fg-caption\"><div class=\"fg-caption-inner\"><\/div><\/figcaption><\/figure><div class=\"fg-loader\"><\/div><\/div><div class=\"fg-item fg-type-image fg-idle\"><figure class=\"fg-item-inner\"><a data-attachment-id=\"1098\" class=\"fg-thumb\"><span class=\"fg-image-wrap\"><img loading=\"lazy\" decoding=\"async\" width=\"150\" height=\"70\" class=\"skip-lazy fg-image\" data-src-fg=\"https:\/\/www.viconseg.com.co\/wp-content\/uploads\/cache\/2020\/08\/logotecnoctga\/3824934922.png\" src=\"data:image\/svg+xml,%3Csvg%20xmlns%3D%22http%3A%2F%2Fwww.w3.org%2F2000%2Fsvg%22%20width%3D%22150%22%20height%3D%2270%22%20viewBox%3D%220%200%20150%2070%22%3E%3C%2Fsvg%3E\"><\/span><span class=\"fg-image-overlay\"><\/span><\/a><figcaption class=\"fg-caption\"><div class=\"fg-caption-inner\"><\/div><\/figcaption><\/figure><div class=\"fg-loader\"><\/div><\/div><\/div>\r\n\n\t\t\t\t<img loading=\"lazy\" decoding=\"async\" src=\"https:\/\/www.viconseg.com.co\/wp-content\/uploads\/2020\/08\/logo-web.png\" alt=\"logo-web\" itemprop=\"image\" height=\"93\" width=\"366\" title=\"logo-web\" onerror=\"this.style.display='none'\"  \/>\n\t<b>CONTACTO<\/b><br \/>\nAv Cra 60 # 67B-28 Bogota &#8211; Colombia<br \/>\nLun-Vier: 8am a 6pm &#8211; Sab: 9am a 12m<br \/>\ncontacto@viconseg.com.co<br \/>\nTels: (+571) 4821053 &#8211; 3227966\n\t<strong>SERVICIOS<\/strong><br \/>\n<a href=\"https:\/\/www.viconseg.com.co\/\">Residencial<\/a><br \/>\n<a href=\"https:\/\/www.viconseg.com.co\/index.php\/viconseg\/\">Viconseg<\/a><br \/>\n<a href=\"https:\/\/www.viconseg.com.co\/index.php\/viconaseo\/\">Viconaseo<\/a>\n\t<strong>POL\u00cdTICAS DE PRIVACIDAD<\/strong><br \/>\n<a href=\"https:\/\/www.viconseg.com.co\/index.php\/terminos-y-condiciones\/\" target=\"_blank\" rel=\"noopener\">T\u00e9rminos y condiciones<\/a><br \/>\n<a href=\"https:\/\/www.viconseg.com.co\/index.php\/tratamiento-de-datos\/\" target=\"_blank\" rel=\"noopener\">Pol\u00edtica de Datos<\/a><br \/>\n<a href=\"https:\/\/www.viconseg.com.co\/index.php\/nosotros\/\">Nosotros<\/a>\n","protected":false},"excerpt":{"rendered":"<p>Inicio Nosotros Viconseg Viconaseo Contacto Unete al equipo Acceso al Correo \u00a0Av Cra 60 # 67B &#8211; 28 Bogot\u00e1 &#8211; Colombia\u00a0 \u00a0 Lun-Vier: 8am-6pm &#8211; Sab: 9am a 12m\u00a0 \u00a0+57(1)482 1053 &#8211; 322 79 66 \u00bfPor qu\u00e9 nos eligen? Seguridad Estos son Nuestros Servicios en Seguridad SECTOR RESIDENCIAL Nuestro personal humano y tecnolog\u00eda hacen de [&hellip;]<\/p>\n","protected":false},"author":1,"featured_media":0,"parent":0,"menu_order":0,"comment_status":"closed","ping_status":"closed","template":"page-sidebar.php","meta":{"footnotes":""},"class_list":["post-5","page","type-page","status-publish","hentry","wpbf-post"],"_links":{"self":[{"href":"https:\/\/www.viconseg.com.co\/index.php\/wp-json\/wp\/v2\/pages\/5"}],"collection":[{"href":"https:\/\/www.viconseg.com.co\/index.php\/wp-json\/wp\/v2\/pages"}],"about":[{"href":"https:\/\/www.viconseg.com.co\/index.php\/wp-json\/wp\/v2\/types\/page"}],"author":[{"embeddable":true,"href":"https:\/\/www.viconseg.com.co\/index.php\/wp-json\/wp\/v2\/users\/1"}],"replies":[{"embeddable":true,"href":"https:\/\/www.viconseg.com.co\/index.php\/wp-json\/wp\/v2\/comments?post=5"}],"version-history":[{"count":236,"href":"https:\/\/www.viconseg.com.co\/index.php\/wp-json\/wp\/v2\/pages\/5\/revisions"}],"predecessor-version":[{"id":1199,"href":"https:\/\/www.viconseg.com.co\/index.php\/wp-json\/wp\/v2\/pages\/5\/revisions\/1199"}],"wp:attachment":[{"href":"https:\/\/www.viconseg.com.co\/index.php\/wp-json\/wp\/v2\/media?parent=5"}],"curies":[{"name":"wp","href":"https:\/\/api.w.org\/{rel}","templated":true}]}}