{"id":793,"date":"2020-08-21T22:58:43","date_gmt":"2020-08-21T22:58:43","guid":{"rendered":"https:\/\/viconseg.clusterboss.com\/?page_id=793"},"modified":"2021-11-23T18:24:54","modified_gmt":"2021-11-23T18:24:54","slug":"viconseg","status":"publish","type":"page","link":"https:\/\/www.viconseg.com.co\/index.php\/viconseg\/","title":{"rendered":"Viconseg"},"content":{"rendered":"\n\t\t\t\t<img loading=\"lazy\" decoding=\"async\" src=\"https:\/\/www.viconseg.com.co\/wp-content\/uploads\/2020\/08\/logo-web.png\" alt=\"logo-web\" itemprop=\"image\" height=\"93\" width=\"366\" title=\"logo-web\" onerror=\"this.style.display='none'\"  \/>\n\t<meta itemprop=\"url\" content=\"https:\/\/www.viconseg.com.co\/wp-content\/uploads\/2020\/08\/VICONSEG.mp4\" \/><meta itemprop=\"thumbnail\" content=\"\" \/><div style=\"width: 100px;\" class=\"wp-video\"><!--[if lt IE 9]><script>document.createElement('video');<\/script><![endif]-->\n<video muted class=\"wp-video-shortcode\" id=\"video-793-1\" width=\"100\" height=\"100\" autoplay=\"1\" preload=\"metadata\" controls=\"controls\"><source type=\"video\/mp4\" src=\"https:\/\/www.viconseg.com.co\/wp-content\/uploads\/2020\/08\/VICONSEG.mp4?_=1\" \/><a href=\"https:\/\/www.viconseg.com.co\/wp-content\/uploads\/2020\/08\/VICONSEG.mp4\">https:\/\/www.viconseg.com.co\/wp-content\/uploads\/2020\/08\/VICONSEG.mp4<\/a><\/video><\/div>\n\t<p>Servicio de Seguridad para Empresas<\/p>\n\t<p>Nuestro personal humano y tecnolog\u00eda hacen de VICONSEG la soluci\u00f3n para tus necesidades de seguridad<\/p>\n\t<p>Con m\u00e1s de 10 a\u00f1os de experiencia VICONSEG es una empresa solida que garantiza cada uno de nuestros servicios, contamos con la m\u00e1s alta tecnolog\u00eda en seguridad que hace de su empresa, universidad o lugar de residencia un lugar seguro, adem\u00e1s de la excelente calidad humana de todos nuestros empleados, en VICONSEG no solo encontrara seguridad sino adem\u00e1s calor humano.<\/p>\n\t\t\t\t<img loading=\"lazy\" decoding=\"async\" src=\"https:\/\/www.viconseg.com.co\/wp-content\/uploads\/2020\/08\/adornolargo.png\" alt=\"adornolargo\" itemprop=\"image\" height=\"188\" width=\"29\" title=\"adornolargo\" onerror=\"this.style.display='none'\"  \/>\n\t\t\t\t<img loading=\"lazy\" decoding=\"async\" src=\"https:\/\/www.viconseg.com.co\/wp-content\/uploads\/2020\/08\/adornover.png\" alt=\"adornover\" itemprop=\"image\" height=\"118\" width=\"300\" title=\"adornover\" onerror=\"this.style.display='none'\"  \/>\n<h2>\n\t\tServicios\n\t<\/h2>\n\t\t\t\t<img loading=\"lazy\" decoding=\"async\" src=\"https:\/\/www.viconseg.com.co\/wp-content\/uploads\/2020\/09\/segur2.jpg\" alt=\"segur2\" itemprop=\"image\" height=\"665\" width=\"581\" title=\"segur2\" onerror=\"this.style.display='none'\"  \/>\n\t\t\t\t<img loading=\"lazy\" decoding=\"async\" src=\"https:\/\/www.viconseg.com.co\/wp-content\/uploads\/2020\/08\/segu-4.jpg\" alt=\"segu-4\" itemprop=\"image\" height=\"665\" width=\"581\" title=\"segu-4\" onerror=\"this.style.display='none'\"  \/>\n\t\t\t\t<img loading=\"lazy\" decoding=\"async\" src=\"https:\/\/www.viconseg.com.co\/wp-content\/uploads\/2020\/08\/segu-6.jpg\" alt=\"segu-6\" itemprop=\"image\" height=\"665\" width=\"581\" title=\"segu-6\" onerror=\"this.style.display='none'\"  \/>\n\t\t\t\t<img loading=\"lazy\" decoding=\"async\" src=\"https:\/\/www.viconseg.com.co\/wp-content\/uploads\/2020\/08\/adorno2vert.png\" alt=\"adorno2vert\" itemprop=\"image\" height=\"173\" width=\"1200\" title=\"adorno2vert\" onerror=\"this.style.display='none'\"  \/>\n\t\t\t\t<img loading=\"lazy\" decoding=\"async\" src=\"https:\/\/www.viconseg.com.co\/wp-content\/uploads\/2020\/08\/logo-web.png\" alt=\"logo-web\" itemprop=\"image\" height=\"93\" width=\"366\" title=\"logo-web\" onerror=\"this.style.display='none'\"  \/>\n\t\t\t\t<img loading=\"lazy\" decoding=\"async\" src=\"https:\/\/www.viconseg.com.co\/wp-content\/uploads\/2020\/08\/adorno3verdes.png\" alt=\"adorno3verdes\" itemprop=\"image\" height=\"173\" width=\"1200\" title=\"adorno3verdes\" onerror=\"this.style.display='none'\"  \/>\n\t\t\t\t<img loading=\"lazy\" decoding=\"async\" src=\"https:\/\/www.viconseg.com.co\/wp-content\/uploads\/2020\/08\/segu-3.jpg\" alt=\"segu-3\" itemprop=\"image\" height=\"665\" width=\"581\" title=\"segu-3\" onerror=\"this.style.display='none'\"  \/>\n\t\t\t\t<img loading=\"lazy\" decoding=\"async\" src=\"https:\/\/www.viconseg.com.co\/wp-content\/uploads\/2020\/08\/segu-5.jpg\" alt=\"segu-5\" itemprop=\"image\" height=\"665\" width=\"581\" title=\"segu-5\" onerror=\"this.style.display='none'\"  \/>\n\t\t\t\t<img loading=\"lazy\" decoding=\"async\" src=\"https:\/\/www.viconseg.com.co\/wp-content\/uploads\/2020\/08\/servicio6.jpg\" alt=\"servicio6\" itemprop=\"image\" height=\"665\" width=\"581\" title=\"servicio6\" onerror=\"this.style.display='none'\"  \/>\n\t<p>\u00a1 Contrata nuestro servicio a nivel nacional!<\/p>\n\t<p>Solicita nuestros servicios aqu\u00ed<\/p>\n\t<div class=\"forminator-ui forminator-custom-form forminator-custom-form-630 forminator-design--default  forminator_ajax\" data-forminator-render=\"0\" data-form=\"forminator-module-630\"><br\/><\/div><form\r\n\t\t\t\tid=\"forminator-module-630\"\r\n\t\t\t\tclass=\"forminator-ui forminator-custom-form forminator-custom-form-630 forminator-design--default  forminator_ajax\"\r\n\t\t\t\tmethod=\"post\"\r\n\t\t\t\tdata-forminator-render=\"0\"\r\n\t\t\t\tdata-form-id=\"630\"\r\n\t\t\t\t\r\n\t\t\t\tdata-design=\"default\"\r\n\t\t\t\t\r\n\t\t\t\t\r\n\t\t\t\t\r\n\t\t\t\tdata-grid=\"open\"\r\n\t\t\t\t\r\n\t\t\t\t\r\n\t\t\t\tstyle=\"display: none;\"\r\n\t\t\t><div class=\"forminator-response-message forminator-error\" aria-hidden=\"true\"><\/div><div class=\"forminator-row\"><div id=\"name-1\" class=\"forminator-col forminator-col-12 \"><div class=\"forminator-field\"><label for=\"forminator-field-name-1\" class=\"forminator-label\">Nombre y Apellido <span class=\"forminator-required\">*<\/span><\/label><input type=\"text\" name=\"name-1\" value=\"\" placeholder=\"E.g. John\" id=\"forminator-field-name-1\" class=\"forminator-input forminator-name--field\" aria-required=\"true\" \/><\/div><\/div><\/div><div class=\"forminator-row\"><div id=\"email-1\" class=\"forminator-col forminator-col-12 \"><div class=\"forminator-field\"><label for=\"forminator-field-email-1\" class=\"forminator-label\">Email <span class=\"forminator-required\">*<\/span><\/label><input type=\"email\" name=\"email-1\" value=\"\" placeholder=\"E.g. john@doe.com\" id=\"forminator-field-email-1\" class=\"forminator-input forminator-email--field\" data-required=\"true\" aria-required=\"true\" \/><\/div><\/div><\/div><div class=\"forminator-row\"><div id=\"phone-1\" class=\"forminator-col forminator-col-12 \"><div class=\"forminator-field\"><label for=\"forminator-field-phone-1\" class=\"forminator-label\">N\u00famero de Contacto<\/label><input type=\"text\" name=\"phone-1\" value=\"\" placeholder=\"E.g. +1 3004005000\" id=\"forminator-field-phone-1\" class=\"forminator-input forminator-field--phone\" data-required=\"\" aria-required=\"false\" autocomplete=\"off\" \/><\/div><\/div><\/div><div class=\"forminator-row\"><div id=\"textarea-1\" class=\"forminator-col forminator-col-12 \"><div class=\"forminator-field\"><label for=\"forminator-field-textarea-1\" class=\"forminator-label\">Mensaje<\/label><textarea name=\"textarea-1\" placeholder=\"Escr\u00edbenos tus inquietudes...\" id=\"forminator-field-textarea-1\" class=\"forminator-textarea\" rows=\"6\" style=\"min-height:140px;\" maxlength=\"180\" ><\/textarea><span class=\"forminator-description\"><span data-limit=\"180\" data-type=\"characters\">0 \/ 180<\/span><\/span><\/div><\/div><\/div><div class=\"forminator-row\"><div id=\"captcha-1\" class=\"forminator-col forminator-col-12 \"><div class=\"forminator-g-recaptcha\" data-theme=\"light\" data-sitekey=\"6LfYzFQdAAAAAKwaWBjyn0kOLugp9-5wHiknJ4YR\" data-size=\"normal\"><\/div><\/div><\/div><div class=\"forminator-row\"><div id=\"gdprcheckbox-1\" class=\"forminator-col forminator-col-12 \"><div class=\"forminator-field\"><label for=\"forminator-field-gdprcheckbox-1-69dcc62fefad8\" class=\"forminator-checkbox\"><input type=\"checkbox\" name=\"gdprcheckbox-1\" value=\"true\" id=\"forminator-field-gdprcheckbox-1-69dcc62fefad8\" data-required=\"true\" aria-required=\"true\" \/><span aria-hidden=\"true\"><\/span><span>Acepto Pol\u00edtica de Privacidad y T\u00e9rminos y Condiciones\u00a0<\/span><\/label><\/div><\/div><\/div><input type=\"hidden\" name=\"referer_url\" value=\"\" \/><div class=\"forminator-row forminator-row-last\"><div class=\"forminator-col\"><div class=\"forminator-field\"><button class=\"forminator-button forminator-button-submit\">ENVIAR MENSAJE<\/button><\/div><\/div><\/div><input type=\"hidden\" id=\"forminator_nonce\" name=\"forminator_nonce\" value=\"6e81aaf159\" \/><input type=\"hidden\" name=\"_wp_http_referer\" value=\"\/index.php\/wp-json\/wp\/v2\/pages\/793\" \/><input type=\"hidden\" name=\"form_id\" value=\"630\"><input type=\"hidden\" name=\"page_id\" value=\"793\"><input type=\"hidden\" name=\"form_type\" value=\"default\"><input type=\"hidden\" name=\"current_url\" value=\"https:\/\/www.viconseg.com.co\/wp-json\/wp\/v2\/pages\/793\/\"><input type=\"hidden\" name=\"render_id\" value=\"0\"><input type=\"hidden\" name=\"action\" value=\"forminator_submit_form_custom-forms\"><\/form>\n\t<p>\u00a120 A\u00f1os realizando aseo y mantenimiento a tus espacios!<\/p>\n\t<style type=\"text\/css\">\r\n\t#foogallery-gallery-1003 .fg-image {\r\n        width: 918px;\r\n    }\r\n<\/style>\r\n\t\t\t\t<div class=\"foogallery foogallery-container foogallery-default foogallery-lightbox-none fg-gutter-10 fg-center fg-default fg-light fg-loaded-fade-in fg-hover-colorize fg-hover-scale fg-caption-hover fg-hover-fade fg-transparent-overlays fg-ready\" id=\"foogallery-gallery-1003\" data-foogallery=\"{&quot;item&quot;:{&quot;showCaptionTitle&quot;:true,&quot;showCaptionDescription&quot;:true},&quot;lazy&quot;:true}\" >\r\n\t<div class=\"fg-item fg-type-image fg-idle\"><figure class=\"fg-item-inner\"><a data-attachment-id=\"1002\" class=\"fg-thumb\"><span class=\"fg-image-wrap\"><img loading=\"lazy\" decoding=\"async\" width=\"918\" height=\"586\" class=\"skip-lazy fg-image\" data-src-fg=\"https:\/\/www.viconseg.com.co\/wp-content\/uploads\/cache\/2020\/08\/clientesviconseg\/85243756.jpg\" src=\"data:image\/svg+xml,%3Csvg%20xmlns%3D%22http%3A%2F%2Fwww.w3.org%2F2000%2Fsvg%22%20width%3D%22918%22%20height%3D%22586%22%20viewBox%3D%220%200%20918%20586%22%3E%3C%2Fsvg%3E\"><\/span><span class=\"fg-image-overlay\"><\/span><\/a><figcaption class=\"fg-caption\"><div class=\"fg-caption-inner\"><\/div><\/figcaption><\/figure><div class=\"fg-loader\"><\/div><\/div><\/div>\r\n\n\t\t\t\t<img loading=\"lazy\" decoding=\"async\" src=\"https:\/\/www.viconseg.com.co\/wp-content\/uploads\/2020\/08\/logo-web.png\" alt=\"logo-web\" itemprop=\"image\" height=\"93\" width=\"366\" title=\"logo-web\" onerror=\"this.style.display='none'\"  \/>\n\t<b>CONTACTO<\/b><br \/>\nAv Cra 60 # 67B-28 Bogota &#8211; Colombia<br \/>\nLun-Vier: 8am a 6pm &#8211; Sab: 9am a 12m<br \/>\ncontacto@viconseg.com<br \/>\nTels: (+571) 4821053 &#8211; 5426405\n\t<strong>SERVICIOS<\/strong><br \/>\n<a href=\"https:\/\/www.viconseg.com.co\/\">Residencial<\/a><br \/>\n<a href=\"https:\/\/www.viconseg.com.co\/index.php\/viconseg\/\">Viconseg<\/a><br \/>\n<a href=\"https:\/\/www.viconseg.com.co\/index.php\/viconaseo\/\">Viconaseo<\/a>\n\t<strong>POL\u00cdTICAS DE PRIVACIDAD<\/strong><br \/>\n<a href=\"https:\/\/www.viconseg.com.co\/index.php\/terminos-y-condiciones\/\" target=\"_blank\" rel=\"noopener\">T\u00e9rminos y condiciones<\/a><br \/>\n<a href=\"https:\/\/www.viconseg.com.co\/index.php\/tratamiento-de-datos\/\" target=\"_blank\" rel=\"noopener\">Pol\u00edtica de Datos<\/a><br \/>\n<a href=\"https:\/\/www.viconseg.com.co\/index.php\/nosotros\/\">Nosotros<\/a>\n","protected":false},"excerpt":{"rendered":"<p>Servicio de Seguridad para Empresas Nuestro personal humano y tecnolog\u00eda hacen de VICONSEG la soluci\u00f3n para tus necesidades de seguridad Con m\u00e1s de 10 a\u00f1os de experiencia VICONSEG es una empresa solida que garantiza cada uno de nuestros servicios, contamos con la m\u00e1s alta tecnolog\u00eda en seguridad que hace de su empresa, universidad o lugar [&hellip;]<\/p>\n","protected":false},"author":1,"featured_media":0,"parent":0,"menu_order":0,"comment_status":"closed","ping_status":"closed","template":"","meta":{"footnotes":""},"class_list":["post-793","page","type-page","status-publish","hentry","wpbf-post"],"_links":{"self":[{"href":"https:\/\/www.viconseg.com.co\/index.php\/wp-json\/wp\/v2\/pages\/793"}],"collection":[{"href":"https:\/\/www.viconseg.com.co\/index.php\/wp-json\/wp\/v2\/pages"}],"about":[{"href":"https:\/\/www.viconseg.com.co\/index.php\/wp-json\/wp\/v2\/types\/page"}],"author":[{"embeddable":true,"href":"https:\/\/www.viconseg.com.co\/index.php\/wp-json\/wp\/v2\/users\/1"}],"replies":[{"embeddable":true,"href":"https:\/\/www.viconseg.com.co\/index.php\/wp-json\/wp\/v2\/comments?post=793"}],"version-history":[{"count":27,"href":"https:\/\/www.viconseg.com.co\/index.php\/wp-json\/wp\/v2\/pages\/793\/revisions"}],"predecessor-version":[{"id":1168,"href":"https:\/\/www.viconseg.com.co\/index.php\/wp-json\/wp\/v2\/pages\/793\/revisions\/1168"}],"wp:attachment":[{"href":"https:\/\/www.viconseg.com.co\/index.php\/wp-json\/wp\/v2\/media?parent=793"}],"curies":[{"name":"wp","href":"https:\/\/api.w.org\/{rel}","templated":true}]}}