{"id":826,"date":"2020-08-22T01:18:41","date_gmt":"2020-08-22T01:18:41","guid":{"rendered":"https:\/\/viconseg.clusterboss.com\/?page_id=826"},"modified":"2021-12-03T18:00:08","modified_gmt":"2021-12-03T18:00:08","slug":"contacto","status":"publish","type":"page","link":"https:\/\/www.viconseg.com.co\/index.php\/contacto\/","title":{"rendered":"Contacto"},"content":{"rendered":"\n\t\t\t\t<img loading=\"lazy\" decoding=\"async\" src=\"https:\/\/www.viconseg.com.co\/wp-content\/uploads\/2020\/09\/logo-webfin.png\" alt=\"logo-webfin\" itemprop=\"image\" height=\"93\" width=\"366\" title=\"logo-webfin\" onerror=\"this.style.display='none'\"  \/>\n\t<h2><!--\n\t--><!--\t--><!--\n\t-->\n\t<\/h2>\n\t\t\t\t<img loading=\"lazy\" decoding=\"async\" src=\"https:\/\/www.viconseg.com.co\/wp-content\/uploads\/2020\/08\/6348lightbox.jpg\" alt=\"6348lightbox\" itemprop=\"image\" height=\"1200\" width=\"900\" title=\"6348lightbox\" onerror=\"this.style.display='none'\"  \/>\n\t<p>D\u00e9janos tus comentarios<\/p>\n\t<div class=\"forminator-ui forminator-custom-form forminator-custom-form-855 forminator-design--default forminator-enclosed forminator_ajax\" data-forminator-render=\"0\" data-form=\"forminator-module-855\"><br\/><\/div><form\r\n\t\t\t\tid=\"forminator-module-855\"\r\n\t\t\t\tclass=\"forminator-ui forminator-custom-form forminator-custom-form-855 forminator-design--default forminator-enclosed forminator_ajax\"\r\n\t\t\t\tmethod=\"post\"\r\n\t\t\t\tdata-forminator-render=\"0\"\r\n\t\t\t\tdata-form-id=\"855\"\r\n\t\t\t\t\r\n\t\t\t\tdata-design=\"default\"\r\n\t\t\t\t\r\n\t\t\t\t\r\n\t\t\t\t\r\n\t\t\t\tdata-grid=\"enclosed\"\r\n\t\t\t\t\r\n\t\t\t\t\r\n\t\t\t\tstyle=\"display: none;\"\r\n\t\t\t><div class=\"forminator-response-message forminator-error\" aria-hidden=\"true\"><\/div><div class=\"forminator-row\"><div id=\"name-1\" class=\"forminator-col forminator-col-12 \"><div class=\"forminator-field\"><label for=\"forminator-field-name-1\" class=\"forminator-label\">NOMBRE COMPLETO <span class=\"forminator-required\">*<\/span><\/label><input type=\"text\" name=\"name-1\" value=\"\" placeholder=\"E.J. John\" id=\"forminator-field-name-1\" class=\"forminator-input forminator-name--field\" aria-required=\"true\" \/><\/div><\/div><\/div><div class=\"forminator-row\"><div id=\"email-1\" class=\"forminator-col forminator-col-12 \"><div class=\"forminator-field\"><label for=\"forminator-field-email-1\" class=\"forminator-label\">CORREO ELECTRONICO <span class=\"forminator-required\">*<\/span><\/label><input type=\"email\" name=\"email-1\" value=\"\" placeholder=\"EJ. john@doe.com\" id=\"forminator-field-email-1\" class=\"forminator-input forminator-email--field\" data-required=\"true\" aria-required=\"true\" \/><\/div><\/div><\/div><div class=\"forminator-row\"><div id=\"phone-1\" class=\"forminator-col forminator-col-12 \"><div class=\"forminator-field\"><label for=\"forminator-field-phone-1\" class=\"forminator-label\">NUMERO DE CONTACTO <span class=\"forminator-required\">*<\/span><\/label><input type=\"text\" name=\"phone-1\" value=\"\" placeholder=\"EJ. +1 3004005000\" id=\"forminator-field-phone-1\" class=\"forminator-input forminator-field--phone\" data-required=\"1\" aria-required=\"true\" autocomplete=\"off\" \/><\/div><\/div><\/div><div class=\"forminator-row\"><div id=\"textarea-1\" class=\"forminator-col forminator-col-12 \"><div class=\"forminator-field\"><label for=\"forminator-field-textarea-1\" class=\"forminator-label\">MENSAJE<\/label><textarea name=\"textarea-1\" placeholder=\"D\u00e9janos tu mensaje...\" id=\"forminator-field-textarea-1\" class=\"forminator-textarea\" rows=\"6\" style=\"min-height:140px;\" maxlength=\"180\" ><\/textarea><span class=\"forminator-description\"><span data-limit=\"180\" data-type=\"characters\">0 \/ 180<\/span><\/span><\/div><\/div><\/div><div class=\"forminator-row\"><div id=\"captcha-1\" class=\"forminator-col forminator-col-12 \"><div class=\"forminator-g-recaptcha\" data-theme=\"light\" data-sitekey=\"6LfYzFQdAAAAAKwaWBjyn0kOLugp9-5wHiknJ4YR\" data-size=\"normal\"><\/div><\/div><\/div><div class=\"forminator-row\"><div id=\"gdprcheckbox-1\" class=\"forminator-col forminator-col-12 \"><div class=\"forminator-field\"><label for=\"forminator-field-gdprcheckbox-1-69dcc56ad04ed\" class=\"forminator-checkbox\"><input type=\"checkbox\" name=\"gdprcheckbox-1\" value=\"true\" id=\"forminator-field-gdprcheckbox-1-69dcc56ad04ed\" data-required=\"true\" aria-required=\"true\" \/><span aria-hidden=\"true\"><\/span><span>Acepto Pol\u00edtica de Privacidad y T\u00e9rminos y Condiciones\u00a0<\/span><\/label><\/div><\/div><\/div><input type=\"hidden\" name=\"referer_url\" value=\"\" \/><div class=\"forminator-row forminator-row-last\"><div class=\"forminator-col\"><div class=\"forminator-field\"><button class=\"forminator-button forminator-button-submit\">Enviar Formulario<\/button><\/div><\/div><\/div><input type=\"hidden\" id=\"forminator_nonce\" name=\"forminator_nonce\" value=\"6e81aaf159\" \/><input type=\"hidden\" name=\"_wp_http_referer\" value=\"\/index.php\/wp-json\/wp\/v2\/pages\/826\" \/><input type=\"hidden\" name=\"form_id\" value=\"855\"><input type=\"hidden\" name=\"page_id\" value=\"826\"><input type=\"hidden\" name=\"form_type\" value=\"default\"><input type=\"hidden\" name=\"current_url\" value=\"https:\/\/www.viconseg.com.co\/wp-json\/wp\/v2\/pages\/826\/\"><input type=\"hidden\" name=\"render_id\" value=\"0\"><input type=\"hidden\" name=\"action\" value=\"forminator_submit_form_custom-forms\"><\/form>\n\t<iframe src=\"https:\/\/www.google.com\/maps\/embed\/v1\/place?q=Av+Cra+60+%23+67B-28%0ABogot%C3%A1+-+Colombia&#038;key=AIzaSyD09zQ9PNDNNy9TadMuzRV_UsPUoWKntt8\" aria-hidden=\"true\" title=\"VICONSEG\"><\/iframe>\n<h6>Informaci\u00f3n<\/h6>\nAv Cra 60 # 67B-28<br \/>\nBogot\u00e1 &#8211; Colombia\n<a href=\"mailto:yourname@domain.com\">contacto@viconseg.com.co<\/a><br \/>\n<a>4821053 &#8211; 3227966<\/a>\n<h6>Horario de Atenci\u00f3n<\/h6>\nLun &#8211; Vie: 8am a 6pm<br \/>\nSab : 9am a 12m\n\t\t\t\t<img loading=\"lazy\" decoding=\"async\" src=\"https:\/\/www.viconseg.com.co\/wp-content\/uploads\/2020\/08\/logo-web.png\" alt=\"logo-web\" itemprop=\"image\" height=\"93\" width=\"366\" title=\"logo-web\" onerror=\"this.style.display='none'\"  \/>\n\t<b>CONTACTO<\/b><br \/>\nAv Cra 60 # 67B-28 Bogota &#8211; Colombia<br \/>\nLun-Vier: 8am a 6pm &#8211; Sab: 9am a 12m<br \/>\ncontacto@viconseg.com.co<br \/>\nTels: (+571) 4821053 &#8211; 3227966\n\t<strong>SERVICIOS<\/strong><br \/>\n<a href=\"https:\/\/www.viconseg.com.co\/\">Residencial<\/a><br \/>\n<a href=\"https:\/\/www.viconseg.com.co\/index.php\/viconseg\/\">Viconseg<\/a><br \/>\n<a href=\"https:\/\/www.viconseg.com.co\/index.php\/viconaseo\/\">Viconaseo<\/a>\n\t<strong>POL\u00cdTICAS DE PRIVACIDAD<\/strong><br \/>\n<a href=\"https:\/\/www.viconseg.com.co\/index.php\/terminos-y-condiciones\/\" target=\"_blank\" rel=\"noopener\">T\u00e9rminos y condiciones<\/a><br \/>\n<a href=\"https:\/\/www.viconseg.com.co\/index.php\/tratamiento-de-datos\/\" target=\"_blank\" rel=\"noopener\">Pol\u00edtica de Datos<\/a><br \/>\n<a href=\"https:\/\/www.viconseg.com.co\/index.php\/nosotros\/\">Nosotros<\/a>\n","protected":false},"excerpt":{"rendered":"<p>D\u00e9janos tus comentarios Informaci\u00f3n Av Cra 60 # 67B-28 Bogot\u00e1 &#8211; Colombia contacto@viconseg.com.co 4821053 &#8211; 3227966 Horario de Atenci\u00f3n Lun &#8211; Vie: 8am a 6pm Sab : 9am a 12m CONTACTO Av Cra 60 # 67B-28 Bogota &#8211; Colombia Lun-Vier: 8am a 6pm &#8211; Sab: 9am a 12m contacto@viconseg.com.co Tels: (+571) 4821053 &#8211; 3227966 SERVICIOS [&hellip;]<\/p>\n","protected":false},"author":1,"featured_media":0,"parent":0,"menu_order":0,"comment_status":"closed","ping_status":"closed","template":"","meta":{"footnotes":""},"class_list":["post-826","page","type-page","status-publish","hentry","wpbf-post"],"_links":{"self":[{"href":"https:\/\/www.viconseg.com.co\/index.php\/wp-json\/wp\/v2\/pages\/826"}],"collection":[{"href":"https:\/\/www.viconseg.com.co\/index.php\/wp-json\/wp\/v2\/pages"}],"about":[{"href":"https:\/\/www.viconseg.com.co\/index.php\/wp-json\/wp\/v2\/types\/page"}],"author":[{"embeddable":true,"href":"https:\/\/www.viconseg.com.co\/index.php\/wp-json\/wp\/v2\/users\/1"}],"replies":[{"embeddable":true,"href":"https:\/\/www.viconseg.com.co\/index.php\/wp-json\/wp\/v2\/comments?post=826"}],"version-history":[{"count":24,"href":"https:\/\/www.viconseg.com.co\/index.php\/wp-json\/wp\/v2\/pages\/826\/revisions"}],"predecessor-version":[{"id":1182,"href":"https:\/\/www.viconseg.com.co\/index.php\/wp-json\/wp\/v2\/pages\/826\/revisions\/1182"}],"wp:attachment":[{"href":"https:\/\/www.viconseg.com.co\/index.php\/wp-json\/wp\/v2\/media?parent=826"}],"curies":[{"name":"wp","href":"https:\/\/api.w.org\/{rel}","templated":true}]}}